{"id":8663810554407152301,"date":"2024-05-19T12:00:00","date_gmt":"2024-05-19T12:00:00","guid":{"rendered":"https:\/\/younited-czech.org\/?p=8663810554407152301"},"modified":"2024-05-19T12:00:00","modified_gmt":"2024-05-19T12:00:00","slug":"domovska-stranka","status":"publish","type":"page","link":"https:\/\/younited-czech.org\/?page_id=8663810554407152301","title":{"rendered":"Domovsk\u00e1 str\u00e1nka"},"content":{"rendered":"<p><![CDATA[\n        \n\n<h1>V\u00edtejte na na\u0161ich str\u00e1nk\u00e1ch<\/h1>\n\n\n        \n\n<p>Jsme neziskov\u00e1 organizace organizuj\u00edc\u00ed v\u00fdjezdy a dal\u0161\u00ed projekty pro Erasmus+.<\/p>\n\n\n        \n\n<h2>Aktu\u00e1ln\u00ed projekty<\/h2>\n\n\n        \n\n<p>Informace o aktu\u00e1ln\u00edch projektech zde.<\/p>\n\n\n        \n\n<h2>Novinky a ud\u00e1losti<\/h2>\n\n\n        \n\n<p>Novinky a ud\u00e1losti naleznete zde.<\/p>\n\n\n        ]]><\/p>\n","protected":false},"excerpt":{"rendered":"<p><![CDATA[]]><\/p>\n","protected":false},"author":2,"featured_media":0,"parent":0,"menu_order":0,"comment_status":"closed","ping_status":"closed","template":"","meta":{"footnotes":""},"class_list":["post-8663810554407152301","page","type-page","status-publish","hentry"],"_links":{"self":[{"href":"https:\/\/younited-czech.org\/index.php?rest_route=\/wp\/v2\/pages\/8663810554407152301","targetHints":{"allow":["GET"]}}],"collection":[{"href":"https:\/\/younited-czech.org\/index.php?rest_route=\/wp\/v2\/pages"}],"about":[{"href":"https:\/\/younited-czech.org\/index.php?rest_route=\/wp\/v2\/types\/page"}],"author":[{"embeddable":true,"href":"https:\/\/younited-czech.org\/index.php?rest_route=\/wp\/v2\/users\/2"}],"replies":[{"embeddable":true,"href":"https:\/\/younited-czech.org\/index.php?rest_route=%2Fwp%2Fv2%2Fcomments&post=8663810554407152301"}],"version-history":[{"count":0,"href":"https:\/\/younited-czech.org\/index.php?rest_route=\/wp\/v2\/pages\/8663810554407152301\/revisions"}],"wp:attachment":[{"href":"https:\/\/younited-czech.org\/index.php?rest_route=%2Fwp%2Fv2%2Fmedia&parent=8663810554407152301"}],"curies":[{"name":"wp","href":"https:\/\/api.w.org\/{rel}","templated":true}]}}